{"id":25,"date":"2025-05-12T09:12:21","date_gmt":"2025-05-12T09:12:21","guid":{"rendered":"https:\/\/vulmbiotech.pl\/?page_id=25"},"modified":"2025-05-12T11:32:37","modified_gmt":"2025-05-12T11:32:37","slug":"vulmbiotech","status":"publish","type":"page","link":"https:\/\/vulmbiotech.pl\/","title":{"rendered":"Vulmbiotech"},"content":{"rendered":"\t\t<div data-elementor-type=\"wp-page\" data-elementor-id=\"25\" class=\"elementor elementor-25\">\n\t\t\t\t<div class=\"elementor-element elementor-element-45a9040 e-flex e-con-boxed e-con e-parent\" data-id=\"45a9040\" data-element_type=\"container\">\n\t\t\t\t\t<div class=\"e-con-inner\">\n\t\t\t\t<div class=\"elementor-element elementor-element-9398499 elementor-widget elementor-widget-heading\" data-id=\"9398499\" data-element_type=\"widget\" data-widget_type=\"heading.default\">\n\t\t\t\t<div class=\"elementor-widget-container\">\n\t\t\t\t\t<h2 class=\"elementor-heading-title elementor-size-default\">O nas<\/h2>\t\t\t\t<\/div>\n\t\t\t\t<\/div>\n\t\t\t\t<div class=\"elementor-element elementor-element-bfbdacd elementor-widget elementor-widget-text-editor\" data-id=\"bfbdacd\" data-element_type=\"widget\" data-widget_type=\"text-editor.default\">\n\t\t\t\t<div class=\"elementor-widget-container\">\n\t\t\t\t\t\t\t\t\t<p>Witaj na stronie oficjalnego polskiego dystrybutora produkt\u00f3w marek<\/p><ul><li>VULM biotechnology<\/li><li>Lars Lightning<\/li><li>Lumi Team<\/li><li>Powerstream<\/li><\/ul>\t\t\t\t\t\t\t\t<\/div>\n\t\t\t\t<\/div>\n\t\t\t\t<div class=\"elementor-element elementor-element-1c0a6c8 elementor-widget-divider--view-line elementor-widget elementor-widget-divider\" data-id=\"1c0a6c8\" data-element_type=\"widget\" data-widget_type=\"divider.default\">\n\t\t\t\t<div class=\"elementor-widget-container\">\n\t\t\t\t\t\t\t<div class=\"elementor-divider\">\n\t\t\t<span class=\"elementor-divider-separator\">\n\t\t\t\t\t\t<\/span>\n\t\t<\/div>\n\t\t\t\t\t\t<\/div>\n\t\t\t\t<\/div>\n\t\t\t\t<div class=\"elementor-element elementor-element-3fa6b58 elementor-widget elementor-widget-heading\" data-id=\"3fa6b58\" data-element_type=\"widget\" data-widget_type=\"heading.default\">\n\t\t\t\t<div class=\"elementor-widget-container\">\n\t\t\t\t\t<h2 class=\"elementor-heading-title elementor-size-default\">Smart &amp; Healthy Colours od VULM biotechnology<\/h2>\t\t\t\t<\/div>\n\t\t\t\t<\/div>\n\t\t\t\t<div class=\"elementor-element elementor-element-a1046ee elementor-widget elementor-widget-text-editor\" data-id=\"a1046ee\" data-element_type=\"widget\" data-widget_type=\"text-editor.default\">\n\t\t\t\t<div class=\"elementor-widget-container\">\n\t\t\t\t\t\t\t\t\t<p class=\"\" data-start=\"184\" data-end=\"525\"><img fetchpriority=\"high\" decoding=\"async\" class=\"alignleft wp-image-131 size-medium\" src=\"https:\/\/vulmbiotech.pl\/wp-content\/uploads\/2025\/05\/produkty-300x199.jpg\" alt=\"\" width=\"300\" height=\"199\" srcset=\"https:\/\/vulmbiotech.pl\/wp-content\/uploads\/2025\/05\/produkty-300x199.jpg 300w, https:\/\/vulmbiotech.pl\/wp-content\/uploads\/2025\/05\/produkty.jpg 550w\" sizes=\"(max-width: 300px) 100vw, 300px\" \/><strong data-start=\"184\" data-end=\"211\">Smart i Healthy Colours<\/strong><\/p><p class=\"\" data-start=\"184\" data-end=\"525\">\u0141\u0105czymy przemys\u0142 chemiczny i farmaceutyczny&#8230; Nasze dzia\u0142ania koncentruj\u0105 si\u0119 g\u0142\u00f3wnie na badaniach, rozwoju i produkcji w dw\u00f3ch g\u0142\u00f3wnych liniach produktowych, kt\u00f3re obejmuj\u0105 szeroki zakres zastosowa\u0144. Wielko\u015b\u0107 produkcji elastycznie dostosowuje si\u0119 do potrzeb zar\u00f3wno ma\u0142ych, jak i du\u017cych partner\u00f3w biznesowych.<\/p><p class=\"\" data-start=\"184\" data-end=\"525\"><b style=\"font-style: inherit;\">Healthy Colours<\/b><\/p><p class=\"\" data-start=\"184\" data-end=\"525\"><span style=\"font-style: inherit; font-weight: inherit;\">Linia <\/span><em style=\"font-weight: inherit;\" data-start=\"555\" data-end=\"572\">Healthy Colours<\/em><span style=\"font-style: inherit; font-weight: inherit;\"> wyr\u00f3\u017cnia si\u0119 swoj\u0105 unikalno\u015bci\u0105&#8230; \u0141\u0105czy elegancj\u0119 i trosk\u0119 o zdrowie. Produkty te powstaj\u0105 zgodnie z rygorystycznymi normami ekologicznymi dotycz\u0105cymi zdrowia cz\u0142owieka, dlatego stosuje si\u0119 je zar\u00f3wno w powszechnie u\u017cytkowanych przestrzeniach, jak i w obiektach o specjalnym przeznaczeniu.<\/span><\/p><p class=\"\" data-start=\"865\" data-end=\"1056\"><strong data-start=\"865\" data-end=\"882\">Smart Colours<\/strong><\/p><p class=\"\" data-start=\"865\" data-end=\"1056\">Ekskluzywna linia <em data-start=\"903\" data-end=\"918\">Smart Colours<\/em> to rewolucja w dziedzinie farb i lakier\u00f3w&#8230; Wykorzystuje nanotechnologi\u0119 w unikalnym po\u0142\u0105czeniu z nowoczesnymi kompozycjami pow\u0142okowymi.<\/p><p class=\"\" data-start=\"1058\" data-end=\"1260\">Proponujemy inteligentn\u0105 lini\u0119 produkt\u00f3w, kt\u00f3ra umo\u017cliwia nowe sposoby poprawy jako\u015bci \u015brodowiska wsz\u0119dzie tam, gdzie jest to potrzebne&#8230; Otwieraj\u0105c tym samym nowe perspektywy dla zdrowego stylu \u017cyc.<\/p>\t\t\t\t\t\t\t\t<\/div>\n\t\t\t\t<\/div>\n\t\t\t\t<div class=\"elementor-element elementor-element-95153ed elementor-widget-divider--view-line elementor-widget elementor-widget-divider\" data-id=\"95153ed\" data-element_type=\"widget\" data-widget_type=\"divider.default\">\n\t\t\t\t<div class=\"elementor-widget-container\">\n\t\t\t\t\t\t\t<div class=\"elementor-divider\">\n\t\t\t<span class=\"elementor-divider-separator\">\n\t\t\t\t\t\t<\/span>\n\t\t<\/div>\n\t\t\t\t\t\t<\/div>\n\t\t\t\t<\/div>\n\t\t\t\t<div class=\"elementor-element elementor-element-0f382be elementor-widget elementor-widget-heading\" data-id=\"0f382be\" data-element_type=\"widget\" data-widget_type=\"heading.default\">\n\t\t\t\t<div class=\"elementor-widget-container\">\n\t\t\t\t\t<h2 class=\"elementor-heading-title elementor-size-default\"><strong data-start=\"1267\" data-end=\"1318\">Dlaczego warto wybra\u0107 farby VULM BIOTECHNOLOGY?<\/strong><\/h2>\t\t\t\t<\/div>\n\t\t\t\t<\/div>\n\t\t\t\t<div class=\"elementor-element elementor-element-dad2572 elementor-widget elementor-widget-text-editor\" data-id=\"dad2572\" data-element_type=\"widget\" data-widget_type=\"text-editor.default\">\n\t\t\t\t<div class=\"elementor-widget-container\">\n\t\t\t\t\t\t\t\t\t<p class=\"\" data-start=\"1267\" data-end=\"1545\">Oferujemy zdrowe, op\u0142acalne i kompleksowe rozwi\u0105zania dla Twojego biznesu&#8230; Nasze farby i pow\u0142oki rozcie\u0144czalne wod\u0105 znacz\u0105co ograniczaj\u0105 szkodliwy wp\u0142yw na zdrowie cz\u0142owieka i wyr\u00f3\u017cniaj\u0105 si\u0119 wykorzystaniem nanotechnologii.<\/p><p class=\"\" data-start=\"1547\" data-end=\"1618\"><strong data-start=\"1547\" data-end=\"1565\">BEZPIECZE\u0143STWO<\/strong><br data-start=\"1565\" data-end=\"1568\" \/>\u2022 Niska emisja opar\u00f3w i zapach\u00f3w podczas aplikacji<\/p><p class=\"\" data-start=\"1620\" data-end=\"1750\"><strong data-start=\"1620\" data-end=\"1631\">ZDROWIE<\/strong><br data-start=\"1631\" data-end=\"1634\" \/>\u2022 Eliminacja negatywnego wp\u0142ywu na zdrowie \u2013 nasze farby nadaj\u0105 si\u0119 do wn\u0119trz i miejsc maj\u0105cych kontakt z wod\u0105 pitn\u0105<\/p><p class=\"\" data-start=\"1752\" data-end=\"1830\"><strong data-start=\"1752\" data-end=\"1768\">ZASTOSOWANIE<\/strong><br data-start=\"1768\" data-end=\"1771\" \/>\u2022 Odpowiednie do wszystkich rodzaj\u00f3w budynk\u00f3w i konstrukcji<\/p><p class=\"\" data-start=\"1832\" data-end=\"1875\"><strong data-start=\"1832\" data-end=\"1846\">\u015aRODOWISKO<\/strong><br data-start=\"1846\" data-end=\"1849\" \/>\u2022 Przyjazne dla \u015brodowiska<\/p><p class=\"\" data-start=\"1877\" data-end=\"1990\"><strong data-start=\"1877\" data-end=\"1892\">U\u017bYTECZNO\u015a\u0106<\/strong><br data-start=\"1892\" data-end=\"1895\" \/>\u2022 Rozcie\u0144czalne wod\u0105 \u2013 nie wymagaj\u0105 specjalnych rozpuszczalnik\u00f3w, co wyd\u0142u\u017ca \u017cywotno\u015b\u0107 narz\u0119dzi<\/p><p class=\"\" data-start=\"1992\" data-end=\"2163\"><strong data-start=\"1992\" data-end=\"2007\">OSZCZ\u0118DNO\u015a\u0106<\/strong><br data-start=\"2007\" data-end=\"2010\" \/>\u2022 Szybkoschn\u0105ce \u2013 oszcz\u0119dzasz czas<br data-start=\"2044\" data-end=\"2047\" \/>\u2022 Mo\u017cliwo\u015b\u0107 prowadzenia prac bez przerywania funkcjonowania obiekt\u00f3w<br data-start=\"2115\" data-end=\"2118\" \/>\u2022 Brak dodatkowych koszt\u00f3w na rozpuszczalniki<\/p><p class=\"\" data-start=\"2165\" data-end=\"2243\"><strong data-start=\"2165\" data-end=\"2173\">CENA<\/strong><br data-start=\"2173\" data-end=\"2176\" \/>\u2022 Utrzymujemy konkurencyjne ceny przy zachowaniu najwy\u017cszej jako\u015bci<\/p><p class=\"\" data-start=\"2245\" data-end=\"2683\"><strong data-start=\"2245\" data-end=\"2262\">WYSOKA JAKO\u015a\u0106<\/strong><br data-start=\"2262\" data-end=\"2265\" \/>\u2022 Odporno\u015b\u0107 chemiczna i fizyczna \u2013 spe\u0142niaj\u0105 wszystkie obowi\u0105zuj\u0105ce normy<br data-start=\"2338\" data-end=\"2341\" \/>\u2022 G\u0142adka, estetyczna powierzchnia<br data-start=\"2374\" data-end=\"2377\" \/>\u2022 Bardzo dobra szlifowalno\u015b\u0107<br data-start=\"2405\" data-end=\"2408\" \/>\u2022 Elastyczno\u015b\u0107 \u2013 lepsza odporno\u015b\u0107 na temperatur\u0119 i warunki atmosferyczne ni\u017c w przypadku farb syntetycznych<br data-start=\"2515\" data-end=\"2518\" \/>\u2022 W\u0142a\u015bciwo\u015bci antypo\u015blizgowe \u2013 dzi\u0119ki matowemu lub p\u00f3\u0142matowemu wyko\u0144czeniu<br data-start=\"2592\" data-end=\"2595\" \/>\u2022 Bogata kolorystyka \u2013 korzystamy z wysokiej jako\u015bci pigment\u00f3w i \u015bledzimy trendy rynkowe<\/p><p class=\"\" data-start=\"2685\" data-end=\"2933\"><strong data-start=\"2685\" data-end=\"2705\">CECHY SZCZEG\u00d3LNE<\/strong><br data-start=\"2705\" data-end=\"2708\" \/>Dzi\u0119ki nanotechnologii oferujemy pow\u0142oki, kt\u00f3re \u2013 ze wzgl\u0119du na sw\u00f3j unikalny sk\u0142ad \u2013 zapewniaj\u0105 sterylno\u015b\u0107 \u015brodowiska&#8230; Idealne do zastosowania wsz\u0119dzie tam, gdzie sterylno\u015b\u0107 jest konieczna (np. szpitale, laboratoria itp.).<\/p>\t\t\t\t\t\t\t\t<\/div>\n\t\t\t\t<\/div>\n\t\t\t\t\t<\/div>\n\t\t\t\t<\/div>\n\t\t\t\t<\/div>\n\t\t","protected":false},"excerpt":{"rendered":"<p>O nas Witaj na stronie oficjalnego polskiego dystrybutora produkt\u00f3w marek VULM biotechnology Lars Lightning Lumi Team Powerstream Smart &amp; Healthy [&hellip;]<\/p>\n","protected":false},"author":1,"featured_media":0,"parent":0,"menu_order":0,"comment_status":"closed","ping_status":"closed","template":"","meta":{"site-sidebar-layout":"no-sidebar","site-content-layout":"","ast-site-content-layout":"full-width-container","site-content-style":"default","site-sidebar-style":"default","ast-global-header-display":"","ast-banner-title-visibility":"","ast-main-header-display":"","ast-hfb-above-header-display":"","ast-hfb-below-header-display":"","ast-hfb-mobile-header-display":"","site-post-title":"disabled","ast-breadcrumbs-content":"","ast-featured-img":"disabled","footer-sml-layout":"","theme-transparent-header-meta":"","adv-header-id-meta":"","stick-header-meta":"","header-above-stick-meta":"","header-main-stick-meta":"","header-below-stick-meta":"","astra-migrate-meta-layouts":"default","ast-page-background-enabled":"default","ast-page-background-meta":{"desktop":{"background-color":"var(--ast-global-color-5)","background-image":"","background-repeat":"repeat","background-position":"center center","background-size":"auto","background-attachment":"scroll","background-type":"","background-media":"","overlay-type":"","overlay-color":"","overlay-opacity":"","overlay-gradient":""},"tablet":{"background-color":"","background-image":"","background-repeat":"repeat","background-position":"center center","background-size":"auto","background-attachment":"scroll","background-type":"","background-media":"","overlay-type":"","overlay-color":"","overlay-opacity":"","overlay-gradient":""},"mobile":{"background-color":"","background-image":"","background-repeat":"repeat","background-position":"center center","background-size":"auto","background-attachment":"scroll","background-type":"","background-media":"","overlay-type":"","overlay-color":"","overlay-opacity":"","overlay-gradient":""}},"ast-content-background-meta":{"desktop":{"background-color":"var(--ast-global-color-4)","background-image":"","background-repeat":"repeat","background-position":"center center","background-size":"auto","background-attachment":"scroll","background-type":"","background-media":"","overlay-type":"","overlay-color":"","overlay-opacity":"","overlay-gradient":""},"tablet":{"background-color":"var(--ast-global-color-4)","background-image":"","background-repeat":"repeat","background-position":"center center","background-size":"auto","background-attachment":"scroll","background-type":"","background-media":"","overlay-type":"","overlay-color":"","overlay-opacity":"","overlay-gradient":""},"mobile":{"background-color":"var(--ast-global-color-4)","background-image":"","background-repeat":"repeat","background-position":"center center","background-size":"auto","background-attachment":"scroll","background-type":"","background-media":"","overlay-type":"","overlay-color":"","overlay-opacity":"","overlay-gradient":""}},"footnotes":""},"class_list":["post-25","page","type-page","status-publish","hentry"],"_links":{"self":[{"href":"https:\/\/vulmbiotech.pl\/index.php\/wp-json\/wp\/v2\/pages\/25","targetHints":{"allow":["GET"]}}],"collection":[{"href":"https:\/\/vulmbiotech.pl\/index.php\/wp-json\/wp\/v2\/pages"}],"about":[{"href":"https:\/\/vulmbiotech.pl\/index.php\/wp-json\/wp\/v2\/types\/page"}],"author":[{"embeddable":true,"href":"https:\/\/vulmbiotech.pl\/index.php\/wp-json\/wp\/v2\/users\/1"}],"replies":[{"embeddable":true,"href":"https:\/\/vulmbiotech.pl\/index.php\/wp-json\/wp\/v2\/comments?post=25"}],"version-history":[{"count":28,"href":"https:\/\/vulmbiotech.pl\/index.php\/wp-json\/wp\/v2\/pages\/25\/revisions"}],"predecessor-version":[{"id":140,"href":"https:\/\/vulmbiotech.pl\/index.php\/wp-json\/wp\/v2\/pages\/25\/revisions\/140"}],"wp:attachment":[{"href":"https:\/\/vulmbiotech.pl\/index.php\/wp-json\/wp\/v2\/media?parent=25"}],"curies":[{"name":"wp","href":"https:\/\/api.w.org\/{rel}","templated":true}]}}